{"id":5736,"date":"2023-08-23T12:35:38","date_gmt":"2023-08-23T10:35:38","guid":{"rendered":"http:\/\/kuko.workoholix.website\/ubytovani\/"},"modified":"2024-06-21T16:01:49","modified_gmt":"2024-06-21T14:01:49","slug":"ubytovani","status":"publish","type":"page","link":"https:\/\/www.kutnohorskokolinsko.cz\/en\/ubytovani\/","title":{"rendered":"Accommodation"},"content":{"rendered":"\t\t<div data-elementor-type=\"wp-page\" data-elementor-id=\"5736\" class=\"elementor elementor-5736 elementor-37\" data-elementor-post-type=\"page\">\n\t\t\t\t<div class=\"elementor-element elementor-element-d05a3a7 e-con-full e-flex e-con e-parent\" data-id=\"d05a3a7\" data-element_type=\"container\" data-settings=\"{&quot;content_width&quot;:&quot;full&quot;,&quot;container_type&quot;:&quot;flex&quot;,&quot;_ob_use_container_extras&quot;:&quot;no&quot;,&quot;_ob_column_hoveranimator&quot;:&quot;no&quot;,&quot;_ob_glider_is_slider&quot;:&quot;no&quot;,&quot;_ob_column_has_pseudo&quot;:&quot;no&quot;}\" data-core-v316-plus=\"true\">\n\t\t\t\t<div class=\"elementor-element elementor-element-488621d elementor-widget__width-inherit elementor-arrows-position-inside ob-has-background-overlay elementor-widget elementor-widget-loop-carousel\" data-id=\"488621d\" data-element_type=\"widget\" data-settings=\"{&quot;template_id&quot;:14207,&quot;slides_to_show&quot;:&quot;1&quot;,&quot;slides_to_show_laptop&quot;:&quot;1&quot;,&quot;slides_to_show_tablet&quot;:&quot;1&quot;,&quot;image_spacing_custom&quot;:{&quot;unit&quot;:&quot;px&quot;,&quot;size&quot;:0,&quot;sizes&quot;:[]},&quot;image_spacing_custom_laptop&quot;:{&quot;unit&quot;:&quot;px&quot;,&quot;size&quot;:0,&quot;sizes&quot;:[]},&quot;image_spacing_custom_tablet&quot;:{&quot;unit&quot;:&quot;px&quot;,&quot;size&quot;:0,&quot;sizes&quot;:[]},&quot;image_spacing_custom_mobile&quot;:{&quot;unit&quot;:&quot;px&quot;,&quot;size&quot;:0,&quot;sizes&quot;:[]},&quot;autoplay_speed&quot;:8000,&quot;speed&quot;:700,&quot;_skin&quot;:&quot;post&quot;,&quot;slides_to_show_mobile&quot;:&quot;1&quot;,&quot;slides_to_scroll&quot;:&quot;1&quot;,&quot;edit_handle_selector&quot;:&quot;.elementor-widget-container&quot;,&quot;autoplay&quot;:&quot;yes&quot;,&quot;pause_on_hover&quot;:&quot;yes&quot;,&quot;pause_on_interaction&quot;:&quot;yes&quot;,&quot;infinite&quot;:&quot;yes&quot;,&quot;offset_sides&quot;:&quot;none&quot;,&quot;arrows&quot;:&quot;yes&quot;,&quot;_ob_widget_stalker_use&quot;:&quot;no&quot;,&quot;_ob_poopart_use&quot;:&quot;yes&quot;,&quot;_ob_shadough_use&quot;:&quot;no&quot;,&quot;_ob_allow_hoveranimator&quot;:&quot;no&quot;}\" data-widget_type=\"loop-carousel.post\">\n\t\t\t\t<div class=\"elementor-widget-container\">\n\t\t\t<link rel=\"stylesheet\" href=\"https:\/\/www.kutnohorskokolinsko.cz\/wp-content\/plugins\/elementor-pro\/assets\/css\/widget-loop-builder.min.css\">\t\t<div class=\"e-loop-nothing-found-message\">\n\t\t<\/div>\n\t\t\t\t<\/div>\n\t\t\t\t<\/div>\n\t\t\t\t<div class=\"elementor-element elementor-element-fe3000c ob-has-background-overlay elementor-widget elementor-widget-html\" data-id=\"fe3000c\" data-element_type=\"widget\" data-settings=\"{&quot;_ob_widget_stalker_use&quot;:&quot;no&quot;,&quot;_ob_poopart_use&quot;:&quot;yes&quot;,&quot;_ob_shadough_use&quot;:&quot;no&quot;,&quot;_ob_allow_hoveranimator&quot;:&quot;no&quot;}\" data-widget_type=\"html.default\">\n\t\t\t\t<div class=\"elementor-widget-container\">\n\t\t\t<script>var elements = document.querySelectorAll('.pamatky--prehled--text');\n\nelements.forEach(function(element) {\n    var originalText = element.innerText;\n    var truncatedText = originalText;\n\n    if (originalText.length > 150) { \/\/ Zm\u011b\u0148te 100 na po\u017eadovanou d\u00e9lku pro o\u0159\u00edznut\u00ed\n        truncatedText = originalText.slice(0, 150) + '...';\n    }\n\n    element.innerText = truncatedText;\n});\n<\/script>\t\t<\/div>\n\t\t\t\t<\/div>\n\t\t\t\t<\/div>\n\t\t<div class=\"elementor-element elementor-element-dbc0794 e-flex e-con-boxed e-con e-parent\" data-id=\"dbc0794\" data-element_type=\"container\" data-settings=\"{&quot;container_type&quot;:&quot;flex&quot;,&quot;content_width&quot;:&quot;boxed&quot;,&quot;_ob_use_container_extras&quot;:&quot;no&quot;,&quot;_ob_column_hoveranimator&quot;:&quot;no&quot;,&quot;_ob_glider_is_slider&quot;:&quot;no&quot;,&quot;_ob_column_has_pseudo&quot;:&quot;no&quot;}\" data-core-v316-plus=\"true\">\n\t\t\t\t\t<div class=\"e-con-inner\">\n\t\t<div class=\"elementor-element elementor-element-8f4c0ac e-con-full e-flex e-con e-child\" data-id=\"8f4c0ac\" data-element_type=\"container\" data-settings=\"{&quot;content_width&quot;:&quot;full&quot;,&quot;container_type&quot;:&quot;flex&quot;,&quot;_ob_use_container_extras&quot;:&quot;no&quot;,&quot;_ob_column_hoveranimator&quot;:&quot;no&quot;,&quot;_ob_glider_is_slider&quot;:&quot;no&quot;,&quot;_ob_column_has_pseudo&quot;:&quot;no&quot;}\">\n\t\t<div class=\"elementor-element elementor-element-67f40e6 e-con-full e-flex e-con e-child\" data-id=\"67f40e6\" data-element_type=\"container\" data-settings=\"{&quot;content_width&quot;:&quot;full&quot;,&quot;container_type&quot;:&quot;flex&quot;,&quot;_ob_use_container_extras&quot;:&quot;no&quot;,&quot;_ob_column_hoveranimator&quot;:&quot;no&quot;,&quot;_ob_glider_is_slider&quot;:&quot;no&quot;,&quot;_ob_column_has_pseudo&quot;:&quot;no&quot;}\">\n\t\t\t\t<div class=\"elementor-element elementor-element-92d0ccf ob-harakiri-inherit ob-has-background-overlay elementor-widget elementor-widget-heading\" data-id=\"92d0ccf\" data-element_type=\"widget\" data-settings=\"{&quot;_ob_use_harakiri&quot;:&quot;yes&quot;,&quot;_ob_harakiri_writing_mode&quot;:&quot;inherit&quot;,&quot;_ob_harakiri_text_clip&quot;:&quot;none&quot;,&quot;_ob_widget_stalker_use&quot;:&quot;no&quot;,&quot;_ob_poopart_use&quot;:&quot;yes&quot;,&quot;_ob_shadough_use&quot;:&quot;no&quot;,&quot;_ob_allow_hoveranimator&quot;:&quot;no&quot;}\" data-widget_type=\"heading.default\">\n\t\t\t\t<div class=\"elementor-widget-container\">\n\t\t\t<style>\/*! elementor - v3.19.0 - 07-02-2024 *\/\n.elementor-heading-title{padding:0;margin:0;line-height:1}.elementor-widget-heading .elementor-heading-title[class*=elementor-size-]>a{color:inherit;font-size:inherit;line-height:inherit}.elementor-widget-heading .elementor-heading-title.elementor-size-small{font-size:15px}.elementor-widget-heading .elementor-heading-title.elementor-size-medium{font-size:19px}.elementor-widget-heading .elementor-heading-title.elementor-size-large{font-size:29px}.elementor-widget-heading .elementor-heading-title.elementor-size-xl{font-size:39px}.elementor-widget-heading .elementor-heading-title.elementor-size-xxl{font-size:59px}<\/style><h1 class=\"elementor-heading-title elementor-size-default\">Accommodation<\/h1>\t\t<\/div>\n\t\t\t\t<\/div>\n\t\t\t\t<div class=\"elementor-element elementor-element-7b93431 elementor-widget__width-inherit underline-img ob-has-background-overlay elementor-widget elementor-widget-global elementor-global-767 elementor-widget-image\" data-id=\"7b93431\" data-element_type=\"widget\" data-settings=\"{&quot;_ob_photomorph_use&quot;:&quot;no&quot;,&quot;_ob_widget_stalker_use&quot;:&quot;no&quot;,&quot;_ob_poopart_use&quot;:&quot;yes&quot;,&quot;_ob_shadough_use&quot;:&quot;no&quot;,&quot;_ob_allow_hoveranimator&quot;:&quot;no&quot;}\" data-widget_type=\"image.default\">\n\t\t\t\t<div class=\"elementor-widget-container\">\n\t\t\t<style>\/*! elementor - v3.19.0 - 07-02-2024 *\/\n.elementor-widget-image{text-align:center}.elementor-widget-image a{display:inline-block}.elementor-widget-image a img[src$=\".svg\"]{width:48px}.elementor-widget-image img{vertical-align:middle;display:inline-block}<\/style>\t\t\t\t\t\t\t\t\t\t<img decoding=\"async\" width=\"100\" height=\"100\" src=\"https:\/\/www.kutnohorskokolinsko.cz\/wp-content\/uploads\/2023\/08\/undeline-new.svg\" class=\"attachment-full size-full wp-image-7582\" alt=\"\" \/>\t\t\t\t\t\t\t\t\t\t\t\t\t<\/div>\n\t\t\t\t<\/div>\n\t\t\t\t<\/div>\n\t\t\t\t<div class=\"elementor-element elementor-element-336b41b elementor-widget-mobile__width-initial ob-has-background-overlay elementor-widget elementor-widget-global elementor-global-14159 elementor-global-7457 elementor-widget-html\" data-id=\"336b41b\" data-element_type=\"widget\" data-settings=\"{&quot;_ob_widget_stalker_use&quot;:&quot;no&quot;,&quot;_ob_poopart_use&quot;:&quot;yes&quot;,&quot;_ob_shadough_use&quot;:&quot;no&quot;,&quot;_ob_allow_hoveranimator&quot;:&quot;no&quot;}\" data-widget_type=\"html.default\">\n\t\t\t\t<div class=\"elementor-widget-container\">\n\t\t\t<div class=\"filter__wrapper filter__wrapper--mesto\">\n    <div class=\"filter-col\">\n        <select id=\"mesto-dropdown\" class=\"filter__dropdown\">\n            <option value=\"vse\" selected>Select a&nbsp;city<\/option>\n            <option value=\"mesto-kolin\">Kol\u00edn<\/option>\n            <option value=\"mesto-kutnahora\">Kutn\u00e1 Hora<\/option>\n            <option value=\"mesto-caslav\">\u010c\u00e1slav<\/option>\n            <option value=\"mesto-kourim\">Kou\u0159im<\/option>\n            <option value=\"mesto-ceskybrod\">\u010cesk\u00fd Brod<\/option>\n            <option value=\"mesto-zrucnadsazavou\">Zru\u010d nad S\u00e1zavou<\/option>\n        <\/select>\n    <\/div>\n<\/div>\t\t<\/div>\n\t\t\t\t<\/div>\n\t\t\t\t<\/div>\n\t\t\t\t\t<\/div>\n\t\t\t\t<\/div>\n\t\t<div class=\"elementor-element elementor-element-bf524e1 prehled-wrapper e-flex e-con-boxed e-con e-parent\" data-id=\"bf524e1\" data-element_type=\"container\" data-settings=\"{&quot;container_type&quot;:&quot;flex&quot;,&quot;content_width&quot;:&quot;boxed&quot;,&quot;_ob_use_container_extras&quot;:&quot;no&quot;,&quot;_ob_column_hoveranimator&quot;:&quot;no&quot;,&quot;_ob_glider_is_slider&quot;:&quot;no&quot;,&quot;_ob_column_has_pseudo&quot;:&quot;no&quot;}\" data-core-v316-plus=\"true\">\n\t\t\t\t\t<div class=\"e-con-inner\">\n\t\t\t\t<div class=\"elementor-element elementor-element-4c39f13 elementor-grid-mobile-2 elementor-grid-3 elementor-grid-tablet-2 ob-has-background-overlay elementor-widget elementor-widget-loop-grid\" data-id=\"4c39f13\" data-element_type=\"widget\" data-settings=\"{&quot;template_id&quot;:2654,&quot;columns_mobile&quot;:2,&quot;row_gap_mobile&quot;:{&quot;unit&quot;:&quot;px&quot;,&quot;size&quot;:5,&quot;sizes&quot;:[]},&quot;_skin&quot;:&quot;post&quot;,&quot;columns&quot;:&quot;3&quot;,&quot;columns_tablet&quot;:&quot;2&quot;,&quot;edit_handle_selector&quot;:&quot;[data-elementor-type=\\&quot;loop-item\\&quot;]&quot;,&quot;row_gap&quot;:{&quot;unit&quot;:&quot;px&quot;,&quot;size&quot;:&quot;&quot;,&quot;sizes&quot;:[]},&quot;row_gap_laptop&quot;:{&quot;unit&quot;:&quot;px&quot;,&quot;size&quot;:&quot;&quot;,&quot;sizes&quot;:[]},&quot;row_gap_tablet&quot;:{&quot;unit&quot;:&quot;px&quot;,&quot;size&quot;:&quot;&quot;,&quot;sizes&quot;:[]},&quot;_ob_widget_stalker_use&quot;:&quot;no&quot;,&quot;_ob_poopart_use&quot;:&quot;yes&quot;,&quot;_ob_shadough_use&quot;:&quot;no&quot;,&quot;_ob_allow_hoveranimator&quot;:&quot;no&quot;}\" data-widget_type=\"loop-grid.post\">\n\t\t\t\t<div class=\"elementor-widget-container\">\n\t\t\t\t\t<div class=\"e-loop-nothing-found-message\">\n\t\t<\/div>\n\t\t\t\t<\/div>\n\t\t\t\t<\/div>\n\t\t\t\t\t<\/div>\n\t\t\t\t<\/div>\n\t\t\t\t<\/div>\n\t\t","protected":false},"excerpt":{"rendered":"<p>Accommodation Vyberte m\u011bstoKol\u00ednKutn\u00e1 Hora\u010c\u00e1slavKou\u0159im\u010cesk\u00fd BrodZru\u010d nad S\u00e1zavou<\/p>\n","protected":false},"author":1,"featured_media":0,"parent":0,"menu_order":0,"comment_status":"closed","ping_status":"closed","template":"elementor_header_footer","meta":{"_acf_changed":false,"footnotes":""},"class_list":["post-5736","page","type-page","status-publish","hentry"],"acf":[],"yoast_head":"<!-- This site is optimized with the Yoast SEO plugin v25.6 - https:\/\/yoast.com\/wordpress\/plugins\/seo\/ -->\n<title>Accommodation - Kutnohorsko Kol\u00ednsko Turistick\u00e1 Oblast<\/title>\n<meta name=\"robots\" content=\"index, follow, max-snippet:-1, max-image-preview:large, max-video-preview:-1\" \/>\n<link rel=\"canonical\" href=\"https:\/\/www.kutnohorskokolinsko.cz\/en\/ubytovani\/\" \/>\n<script type=\"application\/ld+json\" class=\"yoast-schema-graph\">{\"@context\":\"https:\/\/schema.org\",\"@graph\":[{\"@type\":\"WebPage\",\"@id\":\"https:\/\/www.kutnohorskokolinsko.cz\/en\/ubytovani\/\",\"url\":\"https:\/\/www.kutnohorskokolinsko.cz\/en\/ubytovani\/\",\"name\":\"Accommodation - Kutnohorsko Kol\u00ednsko Turistick\u00e1 Oblast\",\"isPartOf\":{\"@id\":\"https:\/\/www.kutnohorskokolinsko.cz\/#website\"},\"primaryImageOfPage\":{\"@id\":\"https:\/\/www.kutnohorskokolinsko.cz\/en\/ubytovani\/#primaryimage\"},\"image\":{\"@id\":\"https:\/\/www.kutnohorskokolinsko.cz\/en\/ubytovani\/#primaryimage\"},\"thumbnailUrl\":\"https:\/\/www.kutnohorskokolinsko.cz\/wp-content\/uploads\/2023\/08\/undeline-new.svg\",\"datePublished\":\"2023-08-23T10:35:38+00:00\",\"dateModified\":\"2024-06-21T14:01:49+00:00\",\"breadcrumb\":{\"@id\":\"https:\/\/www.kutnohorskokolinsko.cz\/en\/ubytovani\/#breadcrumb\"},\"inLanguage\":\"en-US\",\"potentialAction\":[{\"@type\":\"ReadAction\",\"target\":[\"https:\/\/www.kutnohorskokolinsko.cz\/en\/ubytovani\/\"]}]},{\"@type\":\"ImageObject\",\"inLanguage\":\"en-US\",\"@id\":\"https:\/\/www.kutnohorskokolinsko.cz\/en\/ubytovani\/#primaryimage\",\"url\":\"https:\/\/www.kutnohorskokolinsko.cz\/wp-content\/uploads\/2023\/08\/undeline-new.svg\",\"contentUrl\":\"https:\/\/www.kutnohorskokolinsko.cz\/wp-content\/uploads\/2023\/08\/undeline-new.svg\"},{\"@type\":\"BreadcrumbList\",\"@id\":\"https:\/\/www.kutnohorskokolinsko.cz\/en\/ubytovani\/#breadcrumb\",\"itemListElement\":[{\"@type\":\"ListItem\",\"position\":1,\"name\":\"Dom\u016f\",\"item\":\"https:\/\/www.kutnohorskokolinsko.cz\/\"},{\"@type\":\"ListItem\",\"position\":2,\"name\":\"Accommodation\"}]},{\"@type\":\"WebSite\",\"@id\":\"https:\/\/www.kutnohorskokolinsko.cz\/#website\",\"url\":\"https:\/\/www.kutnohorskokolinsko.cz\/\",\"name\":\"Kutnohorsko Kol\u00ednsko Turistick\u00e1 Oblast\",\"description\":\"Jsme Turistick\u00e1 oblast Kutnohorsko a Kol\u00ednsko z.s., zalo\u017een\u00e1 s c\u00edlem koordinovat aktivity cestovn\u00edho ruchu a marketingovou propagaci.\",\"publisher\":{\"@id\":\"https:\/\/www.kutnohorskokolinsko.cz\/#organization\"},\"potentialAction\":[{\"@type\":\"SearchAction\",\"target\":{\"@type\":\"EntryPoint\",\"urlTemplate\":\"https:\/\/www.kutnohorskokolinsko.cz\/?s={search_term_string}\"},\"query-input\":{\"@type\":\"PropertyValueSpecification\",\"valueRequired\":true,\"valueName\":\"search_term_string\"}}],\"inLanguage\":\"en-US\"},{\"@type\":\"Organization\",\"@id\":\"https:\/\/www.kutnohorskokolinsko.cz\/#organization\",\"name\":\"Kutnohorsko Kol\u00ednsko Turistick\u00e1 Oblast\",\"url\":\"https:\/\/www.kutnohorskokolinsko.cz\/\",\"logo\":{\"@type\":\"ImageObject\",\"inLanguage\":\"en-US\",\"@id\":\"https:\/\/www.kutnohorskokolinsko.cz\/#\/schema\/logo\/image\/\",\"url\":\"https:\/\/www.kutnohorskokolinsko.cz\/wp-content\/uploads\/2023\/09\/logo-KuK-HORIZ-color-RGB-wALPHA-big.png\",\"contentUrl\":\"https:\/\/www.kutnohorskokolinsko.cz\/wp-content\/uploads\/2023\/09\/logo-KuK-HORIZ-color-RGB-wALPHA-big.png\",\"width\":1488,\"height\":1119,\"caption\":\"Kutnohorsko Kol\u00ednsko Turistick\u00e1 Oblast\"},\"image\":{\"@id\":\"https:\/\/www.kutnohorskokolinsko.cz\/#\/schema\/logo\/image\/\"},\"sameAs\":[\"https:\/\/www.facebook.com\/kutnohorskokolinsko\"]}]}<\/script>\n<!-- \/ Yoast SEO plugin. -->","yoast_head_json":{"title":"Accommodation - Kutnohorsko Kol\u00ednsko Turistick\u00e1 Oblast","robots":{"index":"index","follow":"follow","max-snippet":"max-snippet:-1","max-image-preview":"max-image-preview:large","max-video-preview":"max-video-preview:-1"},"canonical":"https:\/\/www.kutnohorskokolinsko.cz\/en\/ubytovani\/","schema":{"@context":"https:\/\/schema.org","@graph":[{"@type":"WebPage","@id":"https:\/\/www.kutnohorskokolinsko.cz\/en\/ubytovani\/","url":"https:\/\/www.kutnohorskokolinsko.cz\/en\/ubytovani\/","name":"Accommodation - Kutnohorsko Kol\u00ednsko Turistick\u00e1 Oblast","isPartOf":{"@id":"https:\/\/www.kutnohorskokolinsko.cz\/#website"},"primaryImageOfPage":{"@id":"https:\/\/www.kutnohorskokolinsko.cz\/en\/ubytovani\/#primaryimage"},"image":{"@id":"https:\/\/www.kutnohorskokolinsko.cz\/en\/ubytovani\/#primaryimage"},"thumbnailUrl":"https:\/\/www.kutnohorskokolinsko.cz\/wp-content\/uploads\/2023\/08\/undeline-new.svg","datePublished":"2023-08-23T10:35:38+00:00","dateModified":"2024-06-21T14:01:49+00:00","breadcrumb":{"@id":"https:\/\/www.kutnohorskokolinsko.cz\/en\/ubytovani\/#breadcrumb"},"inLanguage":"en-US","potentialAction":[{"@type":"ReadAction","target":["https:\/\/www.kutnohorskokolinsko.cz\/en\/ubytovani\/"]}]},{"@type":"ImageObject","inLanguage":"en-US","@id":"https:\/\/www.kutnohorskokolinsko.cz\/en\/ubytovani\/#primaryimage","url":"https:\/\/www.kutnohorskokolinsko.cz\/wp-content\/uploads\/2023\/08\/undeline-new.svg","contentUrl":"https:\/\/www.kutnohorskokolinsko.cz\/wp-content\/uploads\/2023\/08\/undeline-new.svg"},{"@type":"BreadcrumbList","@id":"https:\/\/www.kutnohorskokolinsko.cz\/en\/ubytovani\/#breadcrumb","itemListElement":[{"@type":"ListItem","position":1,"name":"Dom\u016f","item":"https:\/\/www.kutnohorskokolinsko.cz\/"},{"@type":"ListItem","position":2,"name":"Accommodation"}]},{"@type":"WebSite","@id":"https:\/\/www.kutnohorskokolinsko.cz\/#website","url":"https:\/\/www.kutnohorskokolinsko.cz\/","name":"Kutnohorsko Kol\u00ednsko Turistick\u00e1 Oblast","description":"Jsme Turistick\u00e1 oblast Kutnohorsko a Kol\u00ednsko z.s., zalo\u017een\u00e1 s c\u00edlem koordinovat aktivity cestovn\u00edho ruchu a marketingovou propagaci.","publisher":{"@id":"https:\/\/www.kutnohorskokolinsko.cz\/#organization"},"potentialAction":[{"@type":"SearchAction","target":{"@type":"EntryPoint","urlTemplate":"https:\/\/www.kutnohorskokolinsko.cz\/?s={search_term_string}"},"query-input":{"@type":"PropertyValueSpecification","valueRequired":true,"valueName":"search_term_string"}}],"inLanguage":"en-US"},{"@type":"Organization","@id":"https:\/\/www.kutnohorskokolinsko.cz\/#organization","name":"Kutnohorsko Kol\u00ednsko Turistick\u00e1 Oblast","url":"https:\/\/www.kutnohorskokolinsko.cz\/","logo":{"@type":"ImageObject","inLanguage":"en-US","@id":"https:\/\/www.kutnohorskokolinsko.cz\/#\/schema\/logo\/image\/","url":"https:\/\/www.kutnohorskokolinsko.cz\/wp-content\/uploads\/2023\/09\/logo-KuK-HORIZ-color-RGB-wALPHA-big.png","contentUrl":"https:\/\/www.kutnohorskokolinsko.cz\/wp-content\/uploads\/2023\/09\/logo-KuK-HORIZ-color-RGB-wALPHA-big.png","width":1488,"height":1119,"caption":"Kutnohorsko Kol\u00ednsko Turistick\u00e1 Oblast"},"image":{"@id":"https:\/\/www.kutnohorskokolinsko.cz\/#\/schema\/logo\/image\/"},"sameAs":["https:\/\/www.facebook.com\/kutnohorskokolinsko"]}]}},"_links":{"self":[{"href":"https:\/\/www.kutnohorskokolinsko.cz\/en\/wp-json\/wp\/v2\/pages\/5736","targetHints":{"allow":["GET"]}}],"collection":[{"href":"https:\/\/www.kutnohorskokolinsko.cz\/en\/wp-json\/wp\/v2\/pages"}],"about":[{"href":"https:\/\/www.kutnohorskokolinsko.cz\/en\/wp-json\/wp\/v2\/types\/page"}],"author":[{"embeddable":true,"href":"https:\/\/www.kutnohorskokolinsko.cz\/en\/wp-json\/wp\/v2\/users\/1"}],"replies":[{"embeddable":true,"href":"https:\/\/www.kutnohorskokolinsko.cz\/en\/wp-json\/wp\/v2\/comments?post=5736"}],"version-history":[{"count":0,"href":"https:\/\/www.kutnohorskokolinsko.cz\/en\/wp-json\/wp\/v2\/pages\/5736\/revisions"}],"wp:attachment":[{"href":"https:\/\/www.kutnohorskokolinsko.cz\/en\/wp-json\/wp\/v2\/media?parent=5736"}],"curies":[{"name":"wp","href":"https:\/\/api.w.org\/{rel}","templated":true}]}}