{"id":10293,"date":"2023-09-18T15:45:51","date_gmt":"2023-09-18T13:45:51","guid":{"rendered":"https:\/\/workoholix4.cz\/thx\/"},"modified":"2023-12-20T07:54:53","modified_gmt":"2023-12-20T06:54:53","slug":"dekujeme","status":"publish","type":"page","link":"https:\/\/www.kutnohorskokolinsko.cz\/en\/dekujeme\/","title":{"rendered":"D\u011bkujeme"},"content":{"rendered":"\t\t<div data-elementor-type=\"wp-page\" data-elementor-id=\"10293\" class=\"elementor elementor-10293 elementor-5257\" data-elementor-post-type=\"page\">\n\t\t\t\t<div class=\"elementor-element elementor-element-2686ddf e-con-full e-flex e-con e-parent\" data-id=\"2686ddf\" data-element_type=\"container\" data-settings=\"{&quot;content_width&quot;:&quot;full&quot;,&quot;background_background&quot;:&quot;classic&quot;,&quot;container_type&quot;:&quot;flex&quot;,&quot;_ob_use_container_extras&quot;:&quot;no&quot;,&quot;_ob_column_hoveranimator&quot;:&quot;no&quot;,&quot;_ob_glider_is_slider&quot;:&quot;no&quot;,&quot;_ob_column_has_pseudo&quot;:&quot;no&quot;}\" data-core-v316-plus=\"true\">\n\t\t<div class=\"elementor-element elementor-element-effd500 e-con-full e-flex e-con e-child\" data-id=\"effd500\" data-element_type=\"container\" data-settings=\"{&quot;content_width&quot;:&quot;full&quot;,&quot;container_type&quot;:&quot;flex&quot;,&quot;_ob_use_container_extras&quot;:&quot;no&quot;,&quot;_ob_column_hoveranimator&quot;:&quot;no&quot;,&quot;_ob_glider_is_slider&quot;:&quot;no&quot;,&quot;_ob_column_has_pseudo&quot;:&quot;no&quot;}\">\n\t\t\t\t<\/div>\n\t\t\t\t<\/div>\n\t\t<div class=\"elementor-element elementor-element-0d1d4e2 e-flex e-con-boxed e-con e-parent\" data-id=\"0d1d4e2\" data-element_type=\"container\" data-settings=\"{&quot;background_background&quot;:&quot;classic&quot;,&quot;container_type&quot;:&quot;flex&quot;,&quot;content_width&quot;:&quot;boxed&quot;,&quot;_ob_use_container_extras&quot;:&quot;no&quot;,&quot;_ob_column_hoveranimator&quot;:&quot;no&quot;,&quot;_ob_glider_is_slider&quot;:&quot;no&quot;,&quot;_ob_column_has_pseudo&quot;:&quot;no&quot;}\" data-core-v316-plus=\"true\">\n\t\t\t\t\t<div class=\"e-con-inner\">\n\t\t<div class=\"elementor-element elementor-element-65208d3 e-con-full e-flex e-con e-child\" data-id=\"65208d3\" data-element_type=\"container\" data-settings=\"{&quot;content_width&quot;:&quot;full&quot;,&quot;background_background&quot;:&quot;classic&quot;,&quot;container_type&quot;:&quot;flex&quot;,&quot;_ob_use_container_extras&quot;:&quot;no&quot;,&quot;_ob_column_hoveranimator&quot;:&quot;no&quot;,&quot;_ob_glider_is_slider&quot;:&quot;no&quot;,&quot;_ob_column_has_pseudo&quot;:&quot;no&quot;}\">\n\t\t\t\t<div class=\"elementor-element elementor-element-4baf4e4 ob-harakiri-inherit ob-has-background-overlay elementor-widget elementor-widget-heading\" data-id=\"4baf4e4\" data-element_type=\"widget\" data-settings=\"{&quot;_ob_use_harakiri&quot;:&quot;yes&quot;,&quot;_ob_harakiri_writing_mode&quot;:&quot;inherit&quot;,&quot;_ob_harakiri_text_clip&quot;:&quot;none&quot;,&quot;_ob_widget_stalker_use&quot;:&quot;no&quot;,&quot;_ob_poopart_use&quot;:&quot;yes&quot;,&quot;_ob_shadough_use&quot;:&quot;no&quot;,&quot;_ob_allow_hoveranimator&quot;:&quot;no&quot;}\" data-widget_type=\"heading.default\">\n\t\t\t\t<div class=\"elementor-widget-container\">\n\t\t\t<style>\/*! elementor - v3.19.0 - 07-02-2024 *\/\n.elementor-heading-title{padding:0;margin:0;line-height:1}.elementor-widget-heading .elementor-heading-title[class*=elementor-size-]>a{color:inherit;font-size:inherit;line-height:inherit}.elementor-widget-heading .elementor-heading-title.elementor-size-small{font-size:15px}.elementor-widget-heading .elementor-heading-title.elementor-size-medium{font-size:19px}.elementor-widget-heading .elementor-heading-title.elementor-size-large{font-size:29px}.elementor-widget-heading .elementor-heading-title.elementor-size-xl{font-size:39px}.elementor-widget-heading .elementor-heading-title.elementor-size-xxl{font-size:59px}<\/style><h2 class=\"elementor-heading-title elementor-size-default\">D\u011bkujeme za odesl\u00e1n\u00ed zpr\u00e1vy.\n\n<\/h2>\t\t<\/div>\n\t\t\t\t<\/div>\n\t\t\t\t<div class=\"elementor-element elementor-element-ad9e2f3 ob-harakiri-inherit ob-has-background-overlay elementor-widget elementor-widget-heading\" data-id=\"ad9e2f3\" data-element_type=\"widget\" data-settings=\"{&quot;_ob_use_harakiri&quot;:&quot;yes&quot;,&quot;_ob_harakiri_writing_mode&quot;:&quot;inherit&quot;,&quot;_ob_harakiri_text_clip&quot;:&quot;none&quot;,&quot;_ob_widget_stalker_use&quot;:&quot;no&quot;,&quot;_ob_poopart_use&quot;:&quot;yes&quot;,&quot;_ob_shadough_use&quot;:&quot;no&quot;,&quot;_ob_allow_hoveranimator&quot;:&quot;no&quot;}\" data-widget_type=\"heading.default\">\n\t\t\t\t<div class=\"elementor-widget-container\">\n\t\t\t<h2 class=\"elementor-heading-title elementor-size-default\">Ozveme se V\u00e1m co nejd\u0159\u00edve.<\/h2>\t\t<\/div>\n\t\t\t\t<\/div>\n\t\t\t\t<div class=\"elementor-element elementor-element-c9fb369 elementor-widget__width-inherit ob-has-background-overlay elementor-widget elementor-widget-image\" data-id=\"c9fb369\" data-element_type=\"widget\" data-settings=\"{&quot;_ob_photomorph_use&quot;:&quot;no&quot;,&quot;_ob_widget_stalker_use&quot;:&quot;no&quot;,&quot;_ob_poopart_use&quot;:&quot;yes&quot;,&quot;_ob_shadough_use&quot;:&quot;no&quot;,&quot;_ob_allow_hoveranimator&quot;:&quot;no&quot;}\" data-widget_type=\"image.default\">\n\t\t\t\t<div class=\"elementor-widget-container\">\n\t\t\t<style>\/*! elementor - v3.19.0 - 07-02-2024 *\/\n.elementor-widget-image{text-align:center}.elementor-widget-image a{display:inline-block}.elementor-widget-image a img[src$=\".svg\"]{width:48px}.elementor-widget-image img{vertical-align:middle;display:inline-block}<\/style>\t\t\t\t\t\t\t\t\t\t<img decoding=\"async\" width=\"100\" height=\"100\" src=\"https:\/\/www.kutnohorskokolinsko.cz\/wp-content\/uploads\/2023\/08\/underline.svg\" class=\"attachment-full size-full wp-image-752\" alt=\"\" \/>\t\t\t\t\t\t\t\t\t\t\t\t\t<\/div>\n\t\t\t\t<\/div>\n\t\t\t\t<div class=\"elementor-element elementor-element-2231e24 ob-has-background-overlay elementor-widget elementor-widget-button\" data-id=\"2231e24\" data-element_type=\"widget\" data-settings=\"{&quot;_ob_butterbutton_use_it&quot;:&quot;no&quot;,&quot;_ob_widget_stalker_use&quot;:&quot;no&quot;,&quot;_ob_poopart_use&quot;:&quot;yes&quot;,&quot;_ob_shadough_use&quot;:&quot;no&quot;,&quot;_ob_allow_hoveranimator&quot;:&quot;no&quot;}\" data-widget_type=\"button.default\">\n\t\t\t\t<div class=\"elementor-widget-container\">\n\t\t\t\t\t<div class=\"elementor-button-wrapper\">\n\t\t\t<a class=\"elementor-button elementor-button-link elementor-size-sm\" href=\"\/\">\n\t\t\t\t\t\t<span class=\"elementor-button-content-wrapper\">\n\t\t\t\t\t\t<span class=\"elementor-button-icon elementor-align-icon-right\">\n\t\t\t\t<i aria-hidden=\"true\" class=\"far fa-window-restore\"><\/i>\t\t\t<\/span>\n\t\t\t\t\t\t<span class=\"elementor-button-text\">Zp\u011bt na hlavn\u00ed str\u00e1nku<\/span>\n\t\t<\/span>\n\t\t\t\t\t<\/a>\n\t\t<\/div>\n\t\t\t\t<\/div>\n\t\t\t\t<\/div>\n\t\t\t\t<\/div>\n\t\t\t\t\t<\/div>\n\t\t\t\t<\/div>\n\t\t\t\t<\/div>\n\t\t","protected":false},"excerpt":{"rendered":"<p>D\u011bkujeme za odesl\u00e1n\u00ed zpr\u00e1vy. Ozveme se V\u00e1m co nejd\u0159\u00edve. Zp\u011bt na hlavn\u00ed str\u00e1nku<\/p>\n","protected":false},"author":1,"featured_media":0,"parent":0,"menu_order":0,"comment_status":"closed","ping_status":"closed","template":"elementor_header_footer","meta":{"_acf_changed":false,"footnotes":""},"class_list":["post-10293","page","type-page","status-publish","hentry"],"acf":[],"yoast_head":"<!-- This site is optimized with the Yoast SEO plugin v25.6 - https:\/\/yoast.com\/wordpress\/plugins\/seo\/ -->\n<title>D\u011bkujeme - Kutnohorsko Kol\u00ednsko Turistick\u00e1 Oblast<\/title>\n<meta name=\"robots\" content=\"index, follow, max-snippet:-1, max-image-preview:large, max-video-preview:-1\" \/>\n<link rel=\"canonical\" href=\"https:\/\/www.kutnohorskokolinsko.cz\/en\/dekujeme\/\" \/>\n<script type=\"application\/ld+json\" class=\"yoast-schema-graph\">{\"@context\":\"https:\/\/schema.org\",\"@graph\":[{\"@type\":\"WebPage\",\"@id\":\"https:\/\/www.kutnohorskokolinsko.cz\/en\/dekujeme\/\",\"url\":\"https:\/\/www.kutnohorskokolinsko.cz\/en\/dekujeme\/\",\"name\":\"D\u011bkujeme - Kutnohorsko Kol\u00ednsko Turistick\u00e1 Oblast\",\"isPartOf\":{\"@id\":\"https:\/\/www.kutnohorskokolinsko.cz\/#website\"},\"primaryImageOfPage\":{\"@id\":\"https:\/\/www.kutnohorskokolinsko.cz\/en\/dekujeme\/#primaryimage\"},\"image\":{\"@id\":\"https:\/\/www.kutnohorskokolinsko.cz\/en\/dekujeme\/#primaryimage\"},\"thumbnailUrl\":\"http:\/\/kuko.workoholix.website\/wp-content\/uploads\/2023\/08\/underline.svg\",\"datePublished\":\"2023-09-18T13:45:51+00:00\",\"dateModified\":\"2023-12-20T06:54:53+00:00\",\"breadcrumb\":{\"@id\":\"https:\/\/www.kutnohorskokolinsko.cz\/en\/dekujeme\/#breadcrumb\"},\"inLanguage\":\"en-US\",\"potentialAction\":[{\"@type\":\"ReadAction\",\"target\":[\"https:\/\/www.kutnohorskokolinsko.cz\/en\/dekujeme\/\"]}]},{\"@type\":\"ImageObject\",\"inLanguage\":\"en-US\",\"@id\":\"https:\/\/www.kutnohorskokolinsko.cz\/en\/dekujeme\/#primaryimage\",\"url\":\"http:\/\/kuko.workoholix.website\/wp-content\/uploads\/2023\/08\/underline.svg\",\"contentUrl\":\"http:\/\/kuko.workoholix.website\/wp-content\/uploads\/2023\/08\/underline.svg\"},{\"@type\":\"BreadcrumbList\",\"@id\":\"https:\/\/www.kutnohorskokolinsko.cz\/en\/dekujeme\/#breadcrumb\",\"itemListElement\":[{\"@type\":\"ListItem\",\"position\":1,\"name\":\"Dom\u016f\",\"item\":\"https:\/\/www.kutnohorskokolinsko.cz\/\"},{\"@type\":\"ListItem\",\"position\":2,\"name\":\"D\u011bkujeme\"}]},{\"@type\":\"WebSite\",\"@id\":\"https:\/\/www.kutnohorskokolinsko.cz\/#website\",\"url\":\"https:\/\/www.kutnohorskokolinsko.cz\/\",\"name\":\"Kutnohorsko Kol\u00ednsko Turistick\u00e1 Oblast\",\"description\":\"Jsme Turistick\u00e1 oblast Kutnohorsko a Kol\u00ednsko z.s., zalo\u017een\u00e1 s c\u00edlem koordinovat aktivity cestovn\u00edho ruchu a marketingovou propagaci.\",\"publisher\":{\"@id\":\"https:\/\/www.kutnohorskokolinsko.cz\/#organization\"},\"potentialAction\":[{\"@type\":\"SearchAction\",\"target\":{\"@type\":\"EntryPoint\",\"urlTemplate\":\"https:\/\/www.kutnohorskokolinsko.cz\/?s={search_term_string}\"},\"query-input\":{\"@type\":\"PropertyValueSpecification\",\"valueRequired\":true,\"valueName\":\"search_term_string\"}}],\"inLanguage\":\"en-US\"},{\"@type\":\"Organization\",\"@id\":\"https:\/\/www.kutnohorskokolinsko.cz\/#organization\",\"name\":\"Kutnohorsko Kol\u00ednsko Turistick\u00e1 Oblast\",\"url\":\"https:\/\/www.kutnohorskokolinsko.cz\/\",\"logo\":{\"@type\":\"ImageObject\",\"inLanguage\":\"en-US\",\"@id\":\"https:\/\/www.kutnohorskokolinsko.cz\/#\/schema\/logo\/image\/\",\"url\":\"https:\/\/www.kutnohorskokolinsko.cz\/wp-content\/uploads\/2023\/09\/logo-KuK-HORIZ-color-RGB-wALPHA-big.png\",\"contentUrl\":\"https:\/\/www.kutnohorskokolinsko.cz\/wp-content\/uploads\/2023\/09\/logo-KuK-HORIZ-color-RGB-wALPHA-big.png\",\"width\":1488,\"height\":1119,\"caption\":\"Kutnohorsko Kol\u00ednsko Turistick\u00e1 Oblast\"},\"image\":{\"@id\":\"https:\/\/www.kutnohorskokolinsko.cz\/#\/schema\/logo\/image\/\"},\"sameAs\":[\"https:\/\/www.facebook.com\/kutnohorskokolinsko\"]}]}<\/script>\n<!-- \/ Yoast SEO plugin. -->","yoast_head_json":{"title":"D\u011bkujeme - Kutnohorsko Kol\u00ednsko Turistick\u00e1 Oblast","robots":{"index":"index","follow":"follow","max-snippet":"max-snippet:-1","max-image-preview":"max-image-preview:large","max-video-preview":"max-video-preview:-1"},"canonical":"https:\/\/www.kutnohorskokolinsko.cz\/en\/dekujeme\/","schema":{"@context":"https:\/\/schema.org","@graph":[{"@type":"WebPage","@id":"https:\/\/www.kutnohorskokolinsko.cz\/en\/dekujeme\/","url":"https:\/\/www.kutnohorskokolinsko.cz\/en\/dekujeme\/","name":"D\u011bkujeme - Kutnohorsko Kol\u00ednsko Turistick\u00e1 Oblast","isPartOf":{"@id":"https:\/\/www.kutnohorskokolinsko.cz\/#website"},"primaryImageOfPage":{"@id":"https:\/\/www.kutnohorskokolinsko.cz\/en\/dekujeme\/#primaryimage"},"image":{"@id":"https:\/\/www.kutnohorskokolinsko.cz\/en\/dekujeme\/#primaryimage"},"thumbnailUrl":"http:\/\/kuko.workoholix.website\/wp-content\/uploads\/2023\/08\/underline.svg","datePublished":"2023-09-18T13:45:51+00:00","dateModified":"2023-12-20T06:54:53+00:00","breadcrumb":{"@id":"https:\/\/www.kutnohorskokolinsko.cz\/en\/dekujeme\/#breadcrumb"},"inLanguage":"en-US","potentialAction":[{"@type":"ReadAction","target":["https:\/\/www.kutnohorskokolinsko.cz\/en\/dekujeme\/"]}]},{"@type":"ImageObject","inLanguage":"en-US","@id":"https:\/\/www.kutnohorskokolinsko.cz\/en\/dekujeme\/#primaryimage","url":"http:\/\/kuko.workoholix.website\/wp-content\/uploads\/2023\/08\/underline.svg","contentUrl":"http:\/\/kuko.workoholix.website\/wp-content\/uploads\/2023\/08\/underline.svg"},{"@type":"BreadcrumbList","@id":"https:\/\/www.kutnohorskokolinsko.cz\/en\/dekujeme\/#breadcrumb","itemListElement":[{"@type":"ListItem","position":1,"name":"Dom\u016f","item":"https:\/\/www.kutnohorskokolinsko.cz\/"},{"@type":"ListItem","position":2,"name":"D\u011bkujeme"}]},{"@type":"WebSite","@id":"https:\/\/www.kutnohorskokolinsko.cz\/#website","url":"https:\/\/www.kutnohorskokolinsko.cz\/","name":"Kutnohorsko Kol\u00ednsko Turistick\u00e1 Oblast","description":"Jsme Turistick\u00e1 oblast Kutnohorsko a Kol\u00ednsko z.s., zalo\u017een\u00e1 s c\u00edlem koordinovat aktivity cestovn\u00edho ruchu a marketingovou propagaci.","publisher":{"@id":"https:\/\/www.kutnohorskokolinsko.cz\/#organization"},"potentialAction":[{"@type":"SearchAction","target":{"@type":"EntryPoint","urlTemplate":"https:\/\/www.kutnohorskokolinsko.cz\/?s={search_term_string}"},"query-input":{"@type":"PropertyValueSpecification","valueRequired":true,"valueName":"search_term_string"}}],"inLanguage":"en-US"},{"@type":"Organization","@id":"https:\/\/www.kutnohorskokolinsko.cz\/#organization","name":"Kutnohorsko Kol\u00ednsko Turistick\u00e1 Oblast","url":"https:\/\/www.kutnohorskokolinsko.cz\/","logo":{"@type":"ImageObject","inLanguage":"en-US","@id":"https:\/\/www.kutnohorskokolinsko.cz\/#\/schema\/logo\/image\/","url":"https:\/\/www.kutnohorskokolinsko.cz\/wp-content\/uploads\/2023\/09\/logo-KuK-HORIZ-color-RGB-wALPHA-big.png","contentUrl":"https:\/\/www.kutnohorskokolinsko.cz\/wp-content\/uploads\/2023\/09\/logo-KuK-HORIZ-color-RGB-wALPHA-big.png","width":1488,"height":1119,"caption":"Kutnohorsko Kol\u00ednsko Turistick\u00e1 Oblast"},"image":{"@id":"https:\/\/www.kutnohorskokolinsko.cz\/#\/schema\/logo\/image\/"},"sameAs":["https:\/\/www.facebook.com\/kutnohorskokolinsko"]}]}},"_links":{"self":[{"href":"https:\/\/www.kutnohorskokolinsko.cz\/en\/wp-json\/wp\/v2\/pages\/10293","targetHints":{"allow":["GET"]}}],"collection":[{"href":"https:\/\/www.kutnohorskokolinsko.cz\/en\/wp-json\/wp\/v2\/pages"}],"about":[{"href":"https:\/\/www.kutnohorskokolinsko.cz\/en\/wp-json\/wp\/v2\/types\/page"}],"author":[{"embeddable":true,"href":"https:\/\/www.kutnohorskokolinsko.cz\/en\/wp-json\/wp\/v2\/users\/1"}],"replies":[{"embeddable":true,"href":"https:\/\/www.kutnohorskokolinsko.cz\/en\/wp-json\/wp\/v2\/comments?post=10293"}],"version-history":[{"count":0,"href":"https:\/\/www.kutnohorskokolinsko.cz\/en\/wp-json\/wp\/v2\/pages\/10293\/revisions"}],"wp:attachment":[{"href":"https:\/\/www.kutnohorskokolinsko.cz\/en\/wp-json\/wp\/v2\/media?parent=10293"}],"curies":[{"name":"wp","href":"https:\/\/api.w.org\/{rel}","templated":true}]}}