{"id":5727,"date":"2023-08-24T14:15:48","date_gmt":"2023-08-24T12:15:48","guid":{"rendered":"http:\/\/kuko.workoholix.website\/akce\/"},"modified":"2024-06-10T08:04:13","modified_gmt":"2024-06-10T06:04:13","slug":"akce","status":"publish","type":"page","link":"https:\/\/www.kutnohorskokolinsko.cz\/de\/akce\/","title":{"rendered":"Veranstaltungen"},"content":{"rendered":"\t\t<div data-elementor-type=\"wp-page\" data-elementor-id=\"5727\" class=\"elementor elementor-5727 elementor-297\" data-elementor-post-type=\"page\">\n\t\t\t\t<div class=\"elementor-element elementor-element-501c201 e-con-full fullscreen-swiper-slide-wrapper-section e-flex e-con e-parent\" data-id=\"501c201\" data-element_type=\"container\" data-settings=\"{&quot;content_width&quot;:&quot;full&quot;,&quot;background_background&quot;:&quot;classic&quot;,&quot;container_type&quot;:&quot;flex&quot;,&quot;_ob_use_container_extras&quot;:&quot;no&quot;,&quot;_ob_column_hoveranimator&quot;:&quot;no&quot;,&quot;_ob_glider_is_slider&quot;:&quot;no&quot;,&quot;_ob_column_has_pseudo&quot;:&quot;no&quot;}\" data-core-v316-plus=\"true\">\n\t\t\t\t<div class=\"elementor-element elementor-element-77243de elementor-widget__width-inherit hero-fullscreen-slider elementor-arrows-position-inside ob-has-background-overlay elementor-widget elementor-widget-loop-carousel\" data-id=\"77243de\" data-element_type=\"widget\" data-settings=\"{&quot;template_id&quot;:13995,&quot;slides_to_show&quot;:&quot;1&quot;,&quot;slides_to_show_laptop&quot;:&quot;1&quot;,&quot;slides_to_show_tablet&quot;:&quot;1&quot;,&quot;image_spacing_custom&quot;:{&quot;unit&quot;:&quot;px&quot;,&quot;size&quot;:0,&quot;sizes&quot;:[]},&quot;image_spacing_custom_laptop&quot;:{&quot;unit&quot;:&quot;px&quot;,&quot;size&quot;:0,&quot;sizes&quot;:[]},&quot;image_spacing_custom_tablet&quot;:{&quot;unit&quot;:&quot;px&quot;,&quot;size&quot;:0,&quot;sizes&quot;:[]},&quot;image_spacing_custom_mobile&quot;:{&quot;unit&quot;:&quot;px&quot;,&quot;size&quot;:0,&quot;sizes&quot;:[]},&quot;autoplay_speed&quot;:8000,&quot;speed&quot;:700,&quot;_skin&quot;:&quot;post&quot;,&quot;slides_to_show_mobile&quot;:&quot;1&quot;,&quot;slides_to_scroll&quot;:&quot;1&quot;,&quot;edit_handle_selector&quot;:&quot;.elementor-widget-container&quot;,&quot;autoplay&quot;:&quot;yes&quot;,&quot;pause_on_interaction&quot;:&quot;yes&quot;,&quot;arrows&quot;:&quot;yes&quot;,&quot;_ob_widget_stalker_use&quot;:&quot;no&quot;,&quot;_ob_poopart_use&quot;:&quot;yes&quot;,&quot;_ob_shadough_use&quot;:&quot;no&quot;,&quot;_ob_allow_hoveranimator&quot;:&quot;no&quot;}\" data-widget_type=\"loop-carousel.post\">\n\t\t\t\t<div class=\"elementor-widget-container\">\n\t\t\t<link rel=\"stylesheet\" href=\"https:\/\/www.kutnohorskokolinsko.cz\/wp-content\/plugins\/elementor-pro\/assets\/css\/widget-loop-builder.min.css\">\t\t<div class=\"e-loop-nothing-found-message\">\n\t\t<\/div>\n\t\t\t\t<\/div>\n\t\t\t\t<\/div>\n\t\t\t\t<div class=\"elementor-element elementor-element-83b4b14 ob-has-background-overlay elementor-widget elementor-widget-html\" data-id=\"83b4b14\" data-element_type=\"widget\" data-settings=\"{&quot;_ob_widget_stalker_use&quot;:&quot;no&quot;,&quot;_ob_poopart_use&quot;:&quot;yes&quot;,&quot;_ob_shadough_use&quot;:&quot;no&quot;,&quot;_ob_allow_hoveranimator&quot;:&quot;no&quot;}\" data-widget_type=\"html.default\">\n\t\t\t\t<div class=\"elementor-widget-container\">\n\t\t\t<script>\nvar elements = document.querySelectorAll('.pamatky--prehled--text');\n\nelements.forEach(function(element) {\n    var originalText = element.innerText;\n    var truncatedText = originalText;\n\n    if (originalText.length > 150) { \/\/ Zm\u011b\u0148te 100 na po\u017eadovanou d\u00e9lku pro o\u0159\u00edznut\u00ed\n        truncatedText = originalText.slice(0, 150) + '...';\n    }\n\n    element.innerText = truncatedText;\n});\n<\/script>\n<script id=\"no-slider-script\">\n    document.addEventListener('DOMContentLoaded', function() {\n        if (jQuery('.fullscreen-swiper-slide-wrapper-section').find('.hero-fullscreen-slider').length === 0) {\n            jQuery('.no-event-title-hero').addClass('visible-block');\n        }\n    });\n<\/script>\t\t<\/div>\n\t\t\t\t<\/div>\n\t\t<div class=\"elementor-element elementor-element-3b583b8 no-event-title-hero e-flex e-con-boxed e-con e-child\" data-id=\"3b583b8\" data-element_type=\"container\" data-settings=\"{&quot;container_type&quot;:&quot;flex&quot;,&quot;content_width&quot;:&quot;boxed&quot;,&quot;_ob_use_container_extras&quot;:&quot;no&quot;,&quot;_ob_column_hoveranimator&quot;:&quot;no&quot;,&quot;_ob_glider_is_slider&quot;:&quot;no&quot;,&quot;_ob_column_has_pseudo&quot;:&quot;no&quot;}\">\n\t\t\t\t\t<div class=\"e-con-inner\">\n\t\t\t\t<div class=\"elementor-element elementor-element-2a87b33 ob-harakiri-inherit ob-has-background-overlay elementor-widget elementor-widget-heading\" data-id=\"2a87b33\" data-element_type=\"widget\" data-settings=\"{&quot;_ob_use_harakiri&quot;:&quot;yes&quot;,&quot;_ob_harakiri_writing_mode&quot;:&quot;inherit&quot;,&quot;_ob_harakiri_text_clip&quot;:&quot;none&quot;,&quot;_ob_widget_stalker_use&quot;:&quot;no&quot;,&quot;_ob_poopart_use&quot;:&quot;yes&quot;,&quot;_ob_shadough_use&quot;:&quot;no&quot;,&quot;_ob_allow_hoveranimator&quot;:&quot;no&quot;}\" data-widget_type=\"heading.default\">\n\t\t\t\t<div class=\"elementor-widget-container\">\n\t\t\t<style>\/*! elementor - v3.19.0 - 07-02-2024 *\/\n.elementor-heading-title{padding:0;margin:0;line-height:1}.elementor-widget-heading .elementor-heading-title[class*=elementor-size-]>a{color:inherit;font-size:inherit;line-height:inherit}.elementor-widget-heading .elementor-heading-title.elementor-size-small{font-size:15px}.elementor-widget-heading .elementor-heading-title.elementor-size-medium{font-size:19px}.elementor-widget-heading .elementor-heading-title.elementor-size-large{font-size:29px}.elementor-widget-heading .elementor-heading-title.elementor-size-xl{font-size:39px}.elementor-widget-heading .elementor-heading-title.elementor-size-xxl{font-size:59px}<\/style><h2 class=\"elementor-heading-title elementor-size-default\">Omlouv\u00e1me se,<\/h2>\t\t<\/div>\n\t\t\t\t<\/div>\n\t\t\t\t<div class=\"elementor-element elementor-element-99b7b15 ob-harakiri-inherit ob-has-background-overlay elementor-widget elementor-widget-heading\" data-id=\"99b7b15\" data-element_type=\"widget\" data-settings=\"{&quot;_ob_use_harakiri&quot;:&quot;yes&quot;,&quot;_ob_harakiri_writing_mode&quot;:&quot;inherit&quot;,&quot;_ob_harakiri_text_clip&quot;:&quot;none&quot;,&quot;_ob_widget_stalker_use&quot;:&quot;no&quot;,&quot;_ob_poopart_use&quot;:&quot;yes&quot;,&quot;_ob_shadough_use&quot;:&quot;no&quot;,&quot;_ob_allow_hoveranimator&quot;:&quot;no&quot;}\" data-widget_type=\"heading.default\">\n\t\t\t\t<div class=\"elementor-widget-container\">\n\t\t\t<h2 class=\"elementor-heading-title elementor-size-default\">ale aktu\u00e1ln\u011b nejsou \u017e\u00e1dn\u00e9 akce.<\/h2>\t\t<\/div>\n\t\t\t\t<\/div>\n\t\t\t\t\t<\/div>\n\t\t\t\t<\/div>\n\t\t\t\t<\/div>\n\t\t<div class=\"elementor-element elementor-element-ae53dd7 e-flex e-con-boxed e-con e-parent\" data-id=\"ae53dd7\" data-element_type=\"container\" data-settings=\"{&quot;container_type&quot;:&quot;flex&quot;,&quot;content_width&quot;:&quot;boxed&quot;,&quot;_ob_use_container_extras&quot;:&quot;no&quot;,&quot;_ob_column_hoveranimator&quot;:&quot;no&quot;,&quot;_ob_glider_is_slider&quot;:&quot;no&quot;,&quot;_ob_column_has_pseudo&quot;:&quot;no&quot;}\" data-core-v316-plus=\"true\">\n\t\t\t\t\t<div class=\"e-con-inner\">\n\t\t<div class=\"elementor-element elementor-element-7cdad11 e-con-full e-flex e-con e-child\" data-id=\"7cdad11\" data-element_type=\"container\" data-settings=\"{&quot;content_width&quot;:&quot;full&quot;,&quot;container_type&quot;:&quot;flex&quot;,&quot;_ob_use_container_extras&quot;:&quot;no&quot;,&quot;_ob_column_hoveranimator&quot;:&quot;no&quot;,&quot;_ob_glider_is_slider&quot;:&quot;no&quot;,&quot;_ob_column_has_pseudo&quot;:&quot;no&quot;}\">\n\t\t<div class=\"elementor-element elementor-element-4012912 e-con-full e-flex e-con e-child\" data-id=\"4012912\" data-element_type=\"container\" data-settings=\"{&quot;content_width&quot;:&quot;full&quot;,&quot;container_type&quot;:&quot;flex&quot;,&quot;_ob_use_container_extras&quot;:&quot;no&quot;,&quot;_ob_column_hoveranimator&quot;:&quot;no&quot;,&quot;_ob_glider_is_slider&quot;:&quot;no&quot;,&quot;_ob_column_has_pseudo&quot;:&quot;no&quot;}\">\n\t\t\t\t<div class=\"elementor-element elementor-element-82589f7 ob-harakiri-inherit ob-has-background-overlay elementor-widget elementor-widget-heading\" data-id=\"82589f7\" data-element_type=\"widget\" data-settings=\"{&quot;_ob_use_harakiri&quot;:&quot;yes&quot;,&quot;_ob_harakiri_writing_mode&quot;:&quot;inherit&quot;,&quot;_ob_harakiri_text_clip&quot;:&quot;none&quot;,&quot;_ob_widget_stalker_use&quot;:&quot;no&quot;,&quot;_ob_poopart_use&quot;:&quot;yes&quot;,&quot;_ob_shadough_use&quot;:&quot;no&quot;,&quot;_ob_allow_hoveranimator&quot;:&quot;no&quot;}\" data-widget_type=\"heading.default\">\n\t\t\t\t<div class=\"elementor-widget-container\">\n\t\t\t<h2 class=\"elementor-heading-title elementor-size-default\">Akce<\/h2>\t\t<\/div>\n\t\t\t\t<\/div>\n\t\t\t\t<div class=\"elementor-element elementor-element-b9e99ef elementor-widget__width-inherit underline-img ob-has-background-overlay elementor-widget elementor-widget-global elementor-global-767 elementor-widget-image\" data-id=\"b9e99ef\" data-element_type=\"widget\" data-settings=\"{&quot;_ob_photomorph_use&quot;:&quot;no&quot;,&quot;_ob_widget_stalker_use&quot;:&quot;no&quot;,&quot;_ob_poopart_use&quot;:&quot;yes&quot;,&quot;_ob_shadough_use&quot;:&quot;no&quot;,&quot;_ob_allow_hoveranimator&quot;:&quot;no&quot;}\" data-widget_type=\"image.default\">\n\t\t\t\t<div class=\"elementor-widget-container\">\n\t\t\t<style>\/*! elementor - v3.19.0 - 07-02-2024 *\/\n.elementor-widget-image{text-align:center}.elementor-widget-image a{display:inline-block}.elementor-widget-image a img[src$=\".svg\"]{width:48px}.elementor-widget-image img{vertical-align:middle;display:inline-block}<\/style>\t\t\t\t\t\t\t\t\t\t<img decoding=\"async\" width=\"100\" height=\"100\" src=\"https:\/\/www.kutnohorskokolinsko.cz\/wp-content\/uploads\/2023\/08\/undeline-new.svg\" class=\"attachment-full size-full wp-image-7582\" alt=\"\" \/>\t\t\t\t\t\t\t\t\t\t\t\t\t<\/div>\n\t\t\t\t<\/div>\n\t\t\t\t<\/div>\n\t\t\t\t<div class=\"elementor-element elementor-element-3353c01 elementor-widget-mobile__width-initial ob-has-background-overlay elementor-widget elementor-widget-global elementor-global-14045 elementor-global-7457 elementor-widget-html\" data-id=\"3353c01\" data-element_type=\"widget\" data-settings=\"{&quot;_ob_widget_stalker_use&quot;:&quot;no&quot;,&quot;_ob_poopart_use&quot;:&quot;yes&quot;,&quot;_ob_shadough_use&quot;:&quot;no&quot;,&quot;_ob_allow_hoveranimator&quot;:&quot;no&quot;}\" data-widget_type=\"html.default\">\n\t\t\t\t<div class=\"elementor-widget-container\">\n\t\t\t<div class=\"filter__wrapper filter__wrapper--mesto\">\n    <div class=\"filter-col\">\n        <select id=\"mesto-dropdown\" class=\"filter__dropdown\">\n            <option value=\"vse\" selected>W\u00e4hlen Sie eine Stadt<\/option>\n            <option value=\"mesto-kolin\">Kol\u00edn<\/option>\n            <option value=\"mesto-kutnahora\">Kutn\u00e1 Hora<\/option>\n            <option value=\"mesto-caslav\">\u010c\u00e1slav<\/option>\n            <option value=\"mesto-kourim\">Kou\u0159im<\/option>\n            <option value=\"mesto-ceskybrod\">\u010cesk\u00fd Brod<\/option>\n            <option value=\"mesto-zrucnadsazavou\">Zru\u010d nad S\u00e1zavou<\/option>\n        <\/select>\n    <\/div>\n<\/div>\t\t<\/div>\n\t\t\t\t<\/div>\n\t\t\t\t<\/div>\n\t\t\t\t\t<\/div>\n\t\t\t\t<\/div>\n\t\t<div class=\"elementor-element elementor-element-2cff50b prehled-wrapper e-flex e-con-boxed e-con e-parent\" data-id=\"2cff50b\" data-element_type=\"container\" data-settings=\"{&quot;container_type&quot;:&quot;flex&quot;,&quot;content_width&quot;:&quot;boxed&quot;,&quot;_ob_use_container_extras&quot;:&quot;no&quot;,&quot;_ob_column_hoveranimator&quot;:&quot;no&quot;,&quot;_ob_glider_is_slider&quot;:&quot;no&quot;,&quot;_ob_column_has_pseudo&quot;:&quot;no&quot;}\" data-core-v316-plus=\"true\">\n\t\t\t\t\t<div class=\"e-con-inner\">\n\t\t\t\t<div class=\"elementor-element elementor-element-a1befdb elementor-grid-mobile-1 elementor-grid-3 elementor-grid-tablet-2 ob-has-background-overlay elementor-widget elementor-widget-loop-grid\" data-id=\"a1befdb\" data-element_type=\"widget\" data-settings=\"{&quot;template_id&quot;:5764,&quot;columns_mobile&quot;:1,&quot;row_gap_mobile&quot;:{&quot;unit&quot;:&quot;px&quot;,&quot;size&quot;:5,&quot;sizes&quot;:[]},&quot;_skin&quot;:&quot;post&quot;,&quot;columns&quot;:&quot;3&quot;,&quot;columns_tablet&quot;:&quot;2&quot;,&quot;edit_handle_selector&quot;:&quot;[data-elementor-type=\\&quot;loop-item\\&quot;]&quot;,&quot;row_gap&quot;:{&quot;unit&quot;:&quot;px&quot;,&quot;size&quot;:&quot;&quot;,&quot;sizes&quot;:[]},&quot;row_gap_laptop&quot;:{&quot;unit&quot;:&quot;px&quot;,&quot;size&quot;:&quot;&quot;,&quot;sizes&quot;:[]},&quot;row_gap_tablet&quot;:{&quot;unit&quot;:&quot;px&quot;,&quot;size&quot;:&quot;&quot;,&quot;sizes&quot;:[]},&quot;_ob_widget_stalker_use&quot;:&quot;no&quot;,&quot;_ob_poopart_use&quot;:&quot;yes&quot;,&quot;_ob_shadough_use&quot;:&quot;no&quot;,&quot;_ob_allow_hoveranimator&quot;:&quot;no&quot;}\" data-widget_type=\"loop-grid.post\">\n\t\t\t\t<div class=\"elementor-widget-container\">\n\t\t\t\t\t<div class=\"e-loop-nothing-found-message\">\n\t\t<\/div>\n\t\t\t\t<\/div>\n\t\t\t\t<\/div>\n\t\t\t\t\t<\/div>\n\t\t\t\t<\/div>\n\t\t<div class=\"elementor-element elementor-element-f3b0ec0 e-flex e-con-boxed e-con e-parent\" data-id=\"f3b0ec0\" data-element_type=\"container\" data-settings=\"{&quot;container_type&quot;:&quot;flex&quot;,&quot;content_width&quot;:&quot;boxed&quot;,&quot;_ob_use_container_extras&quot;:&quot;no&quot;,&quot;_ob_column_hoveranimator&quot;:&quot;no&quot;,&quot;_ob_glider_is_slider&quot;:&quot;no&quot;,&quot;_ob_column_has_pseudo&quot;:&quot;no&quot;}\" data-core-v316-plus=\"true\">\n\t\t\t\t\t<div class=\"e-con-inner\">\n\t\t\t\t<div class=\"elementor-element elementor-element-4f5b4bd ob-has-background-overlay elementor-widget elementor-widget-html\" data-id=\"4f5b4bd\" data-element_type=\"widget\" data-settings=\"{&quot;_ob_widget_stalker_use&quot;:&quot;no&quot;,&quot;_ob_poopart_use&quot;:&quot;yes&quot;,&quot;_ob_shadough_use&quot;:&quot;no&quot;,&quot;_ob_allow_hoveranimator&quot;:&quot;no&quot;}\" data-widget_type=\"html.default\">\n\t\t\t\t<div class=\"elementor-widget-container\">\n\t\t\t<!-- M\u011bsta filtr -->\n<script>\n  jQuery(document).ready(function($) {\n    \/\/ Nastaven\u00ed v\u00fdchoz\u00edho filtru na na\u010dten\u00ed str\u00e1nky\n    var defaultMestoFilter = 'vse';\n\n    \/\/ Ozna\u010den\u00ed v\u00fdchoz\u00edho filtru jako aktivn\u00edho pro M\u011bsta\n    $('.filter__wrapper--mesto .filter__item[data-filter=\"' + defaultMestoFilter + '\"]').addClass('active');\n\n    \/\/ Funkce pro filtrov\u00e1n\u00ed polo\u017eek\n    function filterItems() {\n      var mestoFilter = $('.filter__wrapper--mesto .filter__item.active').attr('data-filter');\n\n      \/\/ Skryjeme v\u0161echny polo\u017eky .e-loop-item v r\u00e1mci selektoru .elementor-element-a1befdb\n      $('.elementor-element-a1befdb .e-loop-item').hide();\n\n      \/\/ Zobraz\u00edme pouze polo\u017eky, kter\u00e9 odpov\u00eddaj\u00ed vybran\u00e9mu filtru pro M\u011bsta\n      if (mestoFilter === 'vse') {\n        $('.elementor-element-a1befdb .e-loop-item').show();\n      } else {\n        $('.elementor-element-a1befdb .e-loop-item.' + mestoFilter).show();\n      }\n    }\n\n    \/\/ P\u0159i kliknut\u00ed na tla\u010d\u00edtka filtru M\u011bsta\n    $('.filter__wrapper--mesto .filter__item').on('click', function() {\n      \/\/ Odstran\u00edme t\u0159\u00eddu 'active' od v\u0161ech tla\u010d\u00edtek a p\u0159id\u00e1me ji k tomu, na kter\u00e9 bylo kliknuto\n      $('.filter__wrapper--mesto .filter__item').removeClass('active');\n      $(this).addClass('active');\n\n      \/\/ Zavol\u00e1me funkci pro filtrov\u00e1n\u00ed polo\u017eek\n      filterItems();\n    });\n\n    \/\/ Inicializace filtrov\u00e1n\u00ed na za\u010d\u00e1tku\n    filterItems();\n  });\n<\/script>\n\t\t<\/div>\n\t\t\t\t<\/div>\n\t\t\t\t\t<\/div>\n\t\t\t\t<\/div>\n\t\t\t\t<\/div>\n\t\t","protected":false},"excerpt":{"rendered":"<p>Omlouv\u00e1me se, ale aktu\u00e1ln\u011b nejsou \u017e\u00e1dn\u00e9 akce. Vyberte m\u011bstoKol\u00ednKutn\u00e1 Hora\u010c\u00e1slavKou\u0159im\u010cesk\u00fd BrodZru\u010d nad S\u00e1zavou<\/p>\n","protected":false},"author":1,"featured_media":0,"parent":0,"menu_order":0,"comment_status":"closed","ping_status":"closed","template":"elementor_header_footer","meta":{"_acf_changed":false,"footnotes":""},"class_list":["post-5727","page","type-page","status-publish","hentry"],"acf":[],"yoast_head":"<!-- This site is optimized with the Yoast SEO plugin v25.6 - https:\/\/yoast.com\/wordpress\/plugins\/seo\/ -->\n<title>Veranstaltungen - Kutnohorsko Kol\u00ednsko Turistick\u00e1 Oblast<\/title>\n<meta name=\"robots\" content=\"index, follow, max-snippet:-1, max-image-preview:large, max-video-preview:-1\" \/>\n<link rel=\"canonical\" href=\"https:\/\/www.kutnohorskokolinsko.cz\/de\/akce\/\" \/>\n<script type=\"application\/ld+json\" class=\"yoast-schema-graph\">{\"@context\":\"https:\/\/schema.org\",\"@graph\":[{\"@type\":\"WebPage\",\"@id\":\"https:\/\/www.kutnohorskokolinsko.cz\/de\/akce\/\",\"url\":\"https:\/\/www.kutnohorskokolinsko.cz\/de\/akce\/\",\"name\":\"Veranstaltungen - Kutnohorsko Kol\u00ednsko Turistick\u00e1 Oblast\",\"isPartOf\":{\"@id\":\"https:\/\/www.kutnohorskokolinsko.cz\/#website\"},\"primaryImageOfPage\":{\"@id\":\"https:\/\/www.kutnohorskokolinsko.cz\/de\/akce\/#primaryimage\"},\"image\":{\"@id\":\"https:\/\/www.kutnohorskokolinsko.cz\/de\/akce\/#primaryimage\"},\"thumbnailUrl\":\"https:\/\/www.kutnohorskokolinsko.cz\/wp-content\/uploads\/2023\/08\/undeline-new.svg\",\"datePublished\":\"2023-08-24T12:15:48+00:00\",\"dateModified\":\"2024-06-10T06:04:13+00:00\",\"breadcrumb\":{\"@id\":\"https:\/\/www.kutnohorskokolinsko.cz\/de\/akce\/#breadcrumb\"},\"inLanguage\":\"de\",\"potentialAction\":[{\"@type\":\"ReadAction\",\"target\":[\"https:\/\/www.kutnohorskokolinsko.cz\/de\/akce\/\"]}]},{\"@type\":\"ImageObject\",\"inLanguage\":\"de\",\"@id\":\"https:\/\/www.kutnohorskokolinsko.cz\/de\/akce\/#primaryimage\",\"url\":\"https:\/\/www.kutnohorskokolinsko.cz\/wp-content\/uploads\/2023\/08\/undeline-new.svg\",\"contentUrl\":\"https:\/\/www.kutnohorskokolinsko.cz\/wp-content\/uploads\/2023\/08\/undeline-new.svg\"},{\"@type\":\"BreadcrumbList\",\"@id\":\"https:\/\/www.kutnohorskokolinsko.cz\/de\/akce\/#breadcrumb\",\"itemListElement\":[{\"@type\":\"ListItem\",\"position\":1,\"name\":\"Dom\u016f\",\"item\":\"https:\/\/www.kutnohorskokolinsko.cz\/\"},{\"@type\":\"ListItem\",\"position\":2,\"name\":\"Veranstaltungen\"}]},{\"@type\":\"WebSite\",\"@id\":\"https:\/\/www.kutnohorskokolinsko.cz\/#website\",\"url\":\"https:\/\/www.kutnohorskokolinsko.cz\/\",\"name\":\"Kutnohorsko Kol\u00ednsko Turistick\u00e1 Oblast\",\"description\":\"Jsme Turistick\u00e1 oblast Kutnohorsko a Kol\u00ednsko z.s., zalo\u017een\u00e1 s c\u00edlem koordinovat aktivity cestovn\u00edho ruchu a marketingovou propagaci.\",\"publisher\":{\"@id\":\"https:\/\/www.kutnohorskokolinsko.cz\/#organization\"},\"potentialAction\":[{\"@type\":\"SearchAction\",\"target\":{\"@type\":\"EntryPoint\",\"urlTemplate\":\"https:\/\/www.kutnohorskokolinsko.cz\/?s={search_term_string}\"},\"query-input\":{\"@type\":\"PropertyValueSpecification\",\"valueRequired\":true,\"valueName\":\"search_term_string\"}}],\"inLanguage\":\"de\"},{\"@type\":\"Organization\",\"@id\":\"https:\/\/www.kutnohorskokolinsko.cz\/#organization\",\"name\":\"Kutnohorsko Kol\u00ednsko Turistick\u00e1 Oblast\",\"url\":\"https:\/\/www.kutnohorskokolinsko.cz\/\",\"logo\":{\"@type\":\"ImageObject\",\"inLanguage\":\"de\",\"@id\":\"https:\/\/www.kutnohorskokolinsko.cz\/#\/schema\/logo\/image\/\",\"url\":\"https:\/\/www.kutnohorskokolinsko.cz\/wp-content\/uploads\/2023\/09\/logo-KuK-HORIZ-color-RGB-wALPHA-big.png\",\"contentUrl\":\"https:\/\/www.kutnohorskokolinsko.cz\/wp-content\/uploads\/2023\/09\/logo-KuK-HORIZ-color-RGB-wALPHA-big.png\",\"width\":1488,\"height\":1119,\"caption\":\"Kutnohorsko Kol\u00ednsko Turistick\u00e1 Oblast\"},\"image\":{\"@id\":\"https:\/\/www.kutnohorskokolinsko.cz\/#\/schema\/logo\/image\/\"},\"sameAs\":[\"https:\/\/www.facebook.com\/kutnohorskokolinsko\"]}]}<\/script>\n<!-- \/ Yoast SEO plugin. -->","yoast_head_json":{"title":"Veranstaltungen - Kutnohorsko Kol\u00ednsko Turistick\u00e1 Oblast","robots":{"index":"index","follow":"follow","max-snippet":"max-snippet:-1","max-image-preview":"max-image-preview:large","max-video-preview":"max-video-preview:-1"},"canonical":"https:\/\/www.kutnohorskokolinsko.cz\/de\/akce\/","schema":{"@context":"https:\/\/schema.org","@graph":[{"@type":"WebPage","@id":"https:\/\/www.kutnohorskokolinsko.cz\/de\/akce\/","url":"https:\/\/www.kutnohorskokolinsko.cz\/de\/akce\/","name":"Veranstaltungen - Kutnohorsko Kol\u00ednsko Turistick\u00e1 Oblast","isPartOf":{"@id":"https:\/\/www.kutnohorskokolinsko.cz\/#website"},"primaryImageOfPage":{"@id":"https:\/\/www.kutnohorskokolinsko.cz\/de\/akce\/#primaryimage"},"image":{"@id":"https:\/\/www.kutnohorskokolinsko.cz\/de\/akce\/#primaryimage"},"thumbnailUrl":"https:\/\/www.kutnohorskokolinsko.cz\/wp-content\/uploads\/2023\/08\/undeline-new.svg","datePublished":"2023-08-24T12:15:48+00:00","dateModified":"2024-06-10T06:04:13+00:00","breadcrumb":{"@id":"https:\/\/www.kutnohorskokolinsko.cz\/de\/akce\/#breadcrumb"},"inLanguage":"de","potentialAction":[{"@type":"ReadAction","target":["https:\/\/www.kutnohorskokolinsko.cz\/de\/akce\/"]}]},{"@type":"ImageObject","inLanguage":"de","@id":"https:\/\/www.kutnohorskokolinsko.cz\/de\/akce\/#primaryimage","url":"https:\/\/www.kutnohorskokolinsko.cz\/wp-content\/uploads\/2023\/08\/undeline-new.svg","contentUrl":"https:\/\/www.kutnohorskokolinsko.cz\/wp-content\/uploads\/2023\/08\/undeline-new.svg"},{"@type":"BreadcrumbList","@id":"https:\/\/www.kutnohorskokolinsko.cz\/de\/akce\/#breadcrumb","itemListElement":[{"@type":"ListItem","position":1,"name":"Dom\u016f","item":"https:\/\/www.kutnohorskokolinsko.cz\/"},{"@type":"ListItem","position":2,"name":"Veranstaltungen"}]},{"@type":"WebSite","@id":"https:\/\/www.kutnohorskokolinsko.cz\/#website","url":"https:\/\/www.kutnohorskokolinsko.cz\/","name":"Kutnohorsko Kol\u00ednsko Turistick\u00e1 Oblast","description":"Jsme Turistick\u00e1 oblast Kutnohorsko a Kol\u00ednsko z.s., zalo\u017een\u00e1 s c\u00edlem koordinovat aktivity cestovn\u00edho ruchu a marketingovou propagaci.","publisher":{"@id":"https:\/\/www.kutnohorskokolinsko.cz\/#organization"},"potentialAction":[{"@type":"SearchAction","target":{"@type":"EntryPoint","urlTemplate":"https:\/\/www.kutnohorskokolinsko.cz\/?s={search_term_string}"},"query-input":{"@type":"PropertyValueSpecification","valueRequired":true,"valueName":"search_term_string"}}],"inLanguage":"de"},{"@type":"Organization","@id":"https:\/\/www.kutnohorskokolinsko.cz\/#organization","name":"Kutnohorsko Kol\u00ednsko Turistick\u00e1 Oblast","url":"https:\/\/www.kutnohorskokolinsko.cz\/","logo":{"@type":"ImageObject","inLanguage":"de","@id":"https:\/\/www.kutnohorskokolinsko.cz\/#\/schema\/logo\/image\/","url":"https:\/\/www.kutnohorskokolinsko.cz\/wp-content\/uploads\/2023\/09\/logo-KuK-HORIZ-color-RGB-wALPHA-big.png","contentUrl":"https:\/\/www.kutnohorskokolinsko.cz\/wp-content\/uploads\/2023\/09\/logo-KuK-HORIZ-color-RGB-wALPHA-big.png","width":1488,"height":1119,"caption":"Kutnohorsko Kol\u00ednsko Turistick\u00e1 Oblast"},"image":{"@id":"https:\/\/www.kutnohorskokolinsko.cz\/#\/schema\/logo\/image\/"},"sameAs":["https:\/\/www.facebook.com\/kutnohorskokolinsko"]}]}},"_links":{"self":[{"href":"https:\/\/www.kutnohorskokolinsko.cz\/de\/wp-json\/wp\/v2\/pages\/5727","targetHints":{"allow":["GET"]}}],"collection":[{"href":"https:\/\/www.kutnohorskokolinsko.cz\/de\/wp-json\/wp\/v2\/pages"}],"about":[{"href":"https:\/\/www.kutnohorskokolinsko.cz\/de\/wp-json\/wp\/v2\/types\/page"}],"author":[{"embeddable":true,"href":"https:\/\/www.kutnohorskokolinsko.cz\/de\/wp-json\/wp\/v2\/users\/1"}],"replies":[{"embeddable":true,"href":"https:\/\/www.kutnohorskokolinsko.cz\/de\/wp-json\/wp\/v2\/comments?post=5727"}],"version-history":[{"count":0,"href":"https:\/\/www.kutnohorskokolinsko.cz\/de\/wp-json\/wp\/v2\/pages\/5727\/revisions"}],"wp:attachment":[{"href":"https:\/\/www.kutnohorskokolinsko.cz\/de\/wp-json\/wp\/v2\/media?parent=5727"}],"curies":[{"name":"wp","href":"https:\/\/api.w.org\/{rel}","templated":true}]}}